{"id":4873,"date":"2015-07-20T13:28:18","date_gmt":"2015-07-20T06:28:18","guid":{"rendered":"https:\/\/viajerosdeguate.com\/?page_id=4873"},"modified":"2023-04-27T23:33:15","modified_gmt":"2023-04-27T23:33:15","slug":"viajeros-gt","status":"publish","type":"page","link":"https:\/\/viajesvipguatemala.com\/en\/viajeros-gt\/","title":{"rendered":"GT Travelers"},"content":{"rendered":"<p>[vc_row full_width=&#8221;stretch_row_content_no_spaces&#8221; css=&#8221;.vc_custom_1617092681094{margin-top: 0px !important;border-top-width: 0px !important;padding-top: 0px !important;}&#8221;][vc_column][rev_slider_vc alias=&#8221;main-home&#8221;][\/vc_column][\/vc_row][vc_row full_width=&#8221;stretch_row_content_no_spaces&#8221; el_id=&#8221;tours&#8221;][vc_column width=&#8221;1\/4&#8243;][ts_banner bg_id=&#8221;7483&#8243; position_content=&#8221;center-center&#8221; link=&#8221;https:\/\/viajesvipguatemala.com\/product-category\/desde-flores\/&#8221; style_effect=&#8221;background-scale-dark&#8221; opacity_bg_device=&#8221;0&#8243; responsive_size=&#8221;1&#8243; target=&#8221;_self&#8221;]<\/p>\n<h3 class=\"h2-big-normal\" style=\"color: #ffffff; text-align: center;\"><span style=\"font-size: 24pt; font-family: 'arial black', sans-serif;\">TOURS DESDE ISLA DE FLORES<\/span><\/h3>\n<h6 style=\"color: #ffffff; margin-bottom: 0px; text-align: center;\"><span style=\"font-family: 'arial black', sans-serif;\">IR AHORA<\/span><\/h6>\n<p>[\/ts_banner][\/vc_column][vc_column width=&#8221;1\/4&#8243;][ts_banner bg_id=&#8221;7491&#8243; position_content=&#8221;center-center&#8221; link=&#8221;https:\/\/viajesvipguatemala.com\/product-category\/desde-ciudad-guatemala\/&#8221; style_effect=&#8221;background-scale-dark&#8221; opacity_bg_device=&#8221;0&#8243; responsive_size=&#8221;1&#8243; target=&#8221;_self&#8221;]<\/p>\n<h3 class=\"h2-big-normal\" style=\"color: #ffffff; text-align: center;\"><span style=\"font-size: 24pt; font-family: 'arial black', sans-serif;\">TOURS DESDE GUATEMALA<\/span><\/h3>\n<h6 style=\"color: #ffffff; margin-bottom: 0px; text-align: center;\"><span style=\"font-family: 'arial black', sans-serif;\">IR AHORA<\/span><\/h6>\n<p>[\/ts_banner][\/vc_column][vc_column width=&#8221;1\/4&#8243;][ts_banner bg_id=&#8221;7490&#8243; position_content=&#8221;center-center&#8221; link=&#8221;https:\/\/viajesvipguatemala.com\/product-category\/desde-antigua-guatemala\/&#8221; style_effect=&#8221;background-scale-dark&#8221; opacity_bg_device=&#8221;0&#8243; responsive_size=&#8221;1&#8243; target=&#8221;_self&#8221;]<\/p>\n<h3><\/h3>\n<h3 class=\"h2-big-normal\" style=\"color: #ffffff; text-align: center;\"><span style=\"font-size: 24pt; font-family: 'arial black', sans-serif;\">TOURS DESDE ANTIGUA<\/span><\/h3>\n<h6 style=\"color: #ffffff; margin-bottom: 0px; text-align: center;\"><span style=\"font-family: 'arial black', sans-serif;\">IR AHORA<\/span><\/h6>\n<p>[\/ts_banner][\/vc_column][vc_column width=&#8221;1\/4&#8243;][ts_banner bg_id=&#8221;7486&#8243; bg_color=&#8221;&#8221; position_content=&#8221;center-center&#8221; link=&#8221;https:\/\/viajesvipguatemala.com\/paquetes-al-mundo-maya-desde-guatemala-y-cancun\/&#8221; style_effect=&#8221;background-scale-dark&#8221; opacity_bg_device=&#8221;0&#8243; responsive_size=&#8221;1&#8243; target=&#8221;_self&#8221;]<\/p>\n<h3 class=\"h2-big-normal\" style=\"color: #ffffff; text-align: center;\"><span style=\"font-size: 24pt; font-family: 'arial black', sans-serif;\">PAQUETES <\/span><span style=\"font-size: 24pt; font-family: 'arial black', sans-serif;\">MUNDO MAYA<\/span><\/h3>\n<h6 style=\"color: #ffffff; margin-bottom: 0px; text-align: center;\"><span style=\"font-size: 10pt; font-family: 'arial black', sans-serif;\">IR AHORA<\/span><\/h6>\n<p>[\/ts_banner][\/vc_column][\/vc_row][vc_row full_width=&#8221;stretch_row_content_no_spaces&#8221; css_animation=&#8221;bounceInUp&#8221;][vc_column][ts_products_slider title=&#8221;LO MAS VENDIDO&#8221; product_type=&#8221;best_selling&#8221; custom_order=&#8221;0&#8243; columns=&#8221;2&#8243; rows=&#8221;1&#8243; per_page=&#8221;6&#8243; product_cats=&#8221;92&#8243; show_image=&#8221;1&#8243; show_title=&#8221;1&#8243; show_sku=&#8221;0&#8243; show_price=&#8221;1&#8243; show_short_desc=&#8221;0&#8243; show_rating=&#8221;1&#8243; show_label=&#8221;0&#8243; show_categories=&#8221;0&#8243; show_add_to_cart=&#8221;1&#8243; show_nav=&#8221;1&#8243; auto_play=&#8221;1&#8243;][\/vc_column][\/vc_row][vc_row css=&#8221;.vc_custom_1444808343856{margin-bottom: 30px !important;}&#8221;][vc_column][ts_blogs title=&#8221;CONOC\u00c9 TIKAL&#8221; layout=&#8221;slider&#8221; columns=&#8221;3&#8243; per_page=&#8221;5&#8243; show_title=&#8221;1&#8243; show_thumbnail=&#8221;1&#8243; show_author=&#8221;0&#8243; show_comment=&#8221;1&#8243; show_date=&#8221;1&#8243; show_excerpt=&#8221;1&#8243; show_readmore=&#8221;1&#8243; show_load_more=&#8221;1&#8243; load_more_text=&#8221;Leer M\u00e1s&#8221; show_nav=&#8221;1&#8243; auto_play=&#8221;1&#8243; style_blog_item=&#8221;item-border&#8221;][vc_row_inner][vc_column_inner][\/vc_column_inner][\/vc_row_inner][vc_column_text]<\/p>\n<p style=\"text-align: center;\"><span style=\"font-size: 18pt; color: #066106;\"><strong>POR QU\u00c9 RESERVAR CON NOSOTROS<\/strong><\/span><\/p>\n<p style=\"text-align: justify;\"><b><br \/>\n<\/b>Somos una agencia de viajes s\u00f3lida y reconocida en Pet\u00e9n con m\u00e1s 500 tours realizados y 04 a\u00f1os de experiencia en la industria tur\u00edstica, la cual nos caracteriza por brindar servicios de calidad, seguridad y confiabilidad a todos nuestros clientes.<\/p>\n<p style=\"text-align: center;\"><span style=\"font-size: 18pt; color: #066106;\"><strong><i class=\"fas fa-check-circle \" ><\/i><\/strong><\/span><br \/>\n<span style=\"color: #066106; font-size: 14pt;\"><strong>Agencia de Viajes Registrada<\/strong><\/span><br \/>\nContamos con certificaci\u00f3n de agencia de viajes emitida por el Instituto Guatemalteco de Turismo &#8220;INGUAT&#8221; seg\u00fan Resoluci\u00f3n No. 828-2021-DG<br \/>\n<span style=\"font-size: 18pt; color: #066106;\"><strong><i class=\"fas fa-users \" ><\/i><\/strong><\/span><br \/>\n<span style=\"font-size: 14pt; color: #066106;\"><strong>Los Mejores Gu\u00edas<\/strong><\/span><br \/>\nGu\u00edas especializados en arqueolog\u00eda, ornitolog\u00eda, cultura y de aventura con disposici\u00f3n en todo momento con motivaci\u00f3n y confianza.<br \/>\n<span style=\"font-size: 18pt; color: #066106;\"><strong><i class=\"fas fa-user-check \" ><\/i><\/strong><\/span><br \/>\n<span style=\"font-size: 14pt; color: #066106;\"><strong>Atenci\u00f3n al Cliente Personalizada<\/strong><\/span><br \/>\nCom\u00e9ntenos acerca de su viaje, trabajaremos juntos para poder personalizar y hacer su visita a nuestro Pa\u00eds una experiencia inolvidable.<br \/>\n<span style=\"font-size: 18pt; color: #066106;\"><strong><i class=\"fas fa-user-shield \" ><\/i><\/strong><\/span><br \/>\n<span style=\"font-size: 14pt; color: #066106;\"><strong>Expertos Locales! Precios sin Intermediarios<\/strong><\/span><br \/>\nAgencia de viajes local. Usted reserva con nosotros y obtiene el mejor precio posible sin intermediarios.<br \/>\n<span style=\"font-size: 18pt; color: #066106;\"><strong><i class=\"fas fa-check-circle \" ><\/i><\/strong><\/span><br \/>\n<span style=\"font-size: 14pt; color: #066106;\"><strong>Sin Recargos Ocultos<\/strong><\/span><br \/>\nCada reserva tiene precios netos, no ocultamos cargos adicionales<br \/>\n<span style=\"color: #066106;\"><span style=\"font-size: 18pt;\"><strong><i class=\"far fa-credit-card \" ><\/i><\/strong><\/span><span style=\"font-size: 8pt;\"><i class=\"fas fa-lock \" ><\/i><\/span><\/span><br \/>\n<span style=\"font-size: 14pt; color: #066106;\"><strong>Pago Seguro<\/strong><\/span><br \/>\nDe manera f\u00e1cil y segura (3D Secure) con tarjeta de cr\u00e9dito\/d\u00e9bito en cuesti\u00f3n de minutos. No recibimos y ni almacenamos tu informaci\u00f3n de pago.<br \/>\n<span style=\"font-size: 18pt; color: #066106;\"><strong><i class=\"fas fa-bus-alt \" ><\/i><\/strong><\/span><br \/>\n<span style=\"font-size: 14pt; color: #066106;\"><strong>Viajes Responsables<\/strong><\/span><br \/>\nNuestros servicios se operan con proveedores locales y as\u00ed mejorar el desarrollo y econom\u00eda local.<\/p>\n<p>[\/vc_column_text][\/vc_column][\/vc_row][vc_row][vc_column width=&#8221;1\/4&#8243;][stat_counter icon_type=&#8221;custom&#8221; icon_img=&#8221;7109&#8243; img_width=&#8221;75&#8243; icon_animation=&#8221;fadeIn&#8221; counter_title=&#8221;Tours Realizados&#8221; counter_value=&#8221;600&#8243; speed=&#8221;3&#8243; counter_color_txt=&#8221;#116223&#8243; desc_font_color=&#8221;#116223&#8243; suf_pref_font_color=&#8221;#116223&#8243;][\/vc_column][vc_column width=&#8221;1\/4&#8243;][stat_counter icon_type=&#8221;custom&#8221; icon_img=&#8221;7112&#8243; img_width=&#8221;75&#8243; icon_animation=&#8221;fadeIn&#8221; counter_title=&#8221;Clientes Satisfechos&#8221; counter_value=&#8221;3000&#8243; speed=&#8221;3&#8243; counter_color_txt=&#8221;#116223&#8243; desc_font_color=&#8221;#116223&#8243; suf_pref_font_color=&#8221;#116223&#8243;][\/vc_column][vc_column width=&#8221;1\/4&#8243;][stat_counter icon_type=&#8221;custom&#8221; icon_img=&#8221;7114&#8243; img_width=&#8221;75&#8243; icon_animation=&#8221;fadeIn&#8221; counter_title=&#8221;A\u00f1os de Experiencia&#8221; counter_value=&#8221;5&#8243; speed=&#8221;3&#8243; counter_color_txt=&#8221;#116223&#8243; desc_font_color=&#8221;#116223&#8243; suf_pref_font_color=&#8221;#116223&#8243;][\/vc_column][vc_column width=&#8221;1\/4&#8243;][stat_counter icon_type=&#8221;custom&#8221; icon_img=&#8221;7115&#8243; img_width=&#8221;75&#8243; icon_animation=&#8221;fadeIn&#8221; counter_title=&#8221;Reservas Online&#8221; counter_value=&#8221;300&#8243; speed=&#8221;3&#8243; counter_color_txt=&#8221;#116223&#8243; desc_font_color=&#8221;#116223&#8243; suf_pref_font_color=&#8221;#116223&#8243;][\/vc_column][\/vc_row][vc_row][vc_column][vc_raw_html]JTNDZGl2JTIwaWQlM0QlMjJUQV9jZHN3cml0ZXJldmlld2xndmk0MjklMjIlMjBjbGFzcyUzRCUyMlRBX2Nkc3dyaXRlcmV2aWV3bGd2aSUyMiUzRSUwQSUzQ3VsJTIwaWQlM0QlMjJIaXZ0d2hYJTIyJTIwY2xhc3MlM0QlMjJUQV9saW5rcyUyMEdGSndMWSUyMiUzRSUwQSUzQ2xpJTIwaWQlM0QlMjJVaVFrNGYxJTIyJTIwY2xhc3MlM0QlMjJkWHdINFRQYmRyZnolMjIlM0UlMEElM0NhJTIwdGFyZ2V0JTNEJTIyX2JsYW5rJTIyJTIwaHJlZiUzRCUyMmh0dHBzJTNBJTJGJTJGd3d3LnRyaXBhZHZpc29yLmNvbSUyRiUyMiUzRSUzQ2ltZyUyMHNyYyUzRCUyMmh0dHBzJTNBJTJGJTJGc3RhdGljLnRhY2RuLmNvbSUyRmltZzIlMkZicmFuZF9yZWZyZXNoJTJGVHJpcGFkdmlzb3JfbG9ja3VwX2hvcml6b250YWxfc2Vjb25kYXJ5X3JlZ2lzdGVyZWQuc3ZnJTIyJTIwYWx0JTNEJTIyVHJpcEFkdmlzb3IlMjIlMkYlM0UlM0MlMkZhJTNFJTBBJTNDJTJGbGklM0UlMEElM0MlMkZ1bCUzRSUwQSUzQyUyRmRpdiUzRSUwQSUzQ3NjcmlwdCUyMGFzeW5jJTIwc3JjJTNEJTIyaHR0cHMlM0ElMkYlMkZ3d3cuanNjYWNoZS5jb20lMkZ3ZWpzJTNGd3R5cGUlM0RjZHN3cml0ZXJldmlld2xndmklMjZhbXAlM0J1bmlxJTNENDI5JTI2YW1wJTNCbG9jYXRpb25JZCUzRDIwMDUzODkxJTI2YW1wJTNCbGFuZyUzRGVuX1VTJTI2YW1wJTNCbGFuZyUzRGVuX1VTJTI2YW1wJTNCZGlzcGxheV92ZXJzaW9uJTNEMiUyMiUyMGRhdGEtbG9hZHRyayUyMG9ubG9hZCUzRCUyMnRoaXMubG9hZHRyayUzRHRydWUlMjIlM0UlM0MlMkZzY3JpcHQlM0UlMEElMEE=[\/vc_raw_html][\/vc_column][\/vc_row][vc_row][vc_column][\/vc_column][\/vc_row]<\/p>\n","protected":false},"excerpt":{"rendered":"<p>[vc_row full_width=&#8221;stretch_row_content_no_spaces&#8221; css=&#8221;.vc_custom_1617092681094{margin-top: 0px !important;border-top-width: 0px !important;padding-top: 0px !important;}&#8221;][vc_column][rev_slider_vc alias=&#8221;main-home&#8221;][\/vc_column][\/vc_row][vc_row full_width=&#8221;stretch_row_content_no_spaces&#8221; el_id=&#8221;tours&#8221;][vc_column width=&#8221;1\/4&#8243;][ts_banner bg_id=&#8221;7483&#8243; position_content=&#8221;center-center&#8221; link=&#8221;https:\/\/viajesvipguatemala.com\/product-category\/desde-flores\/&#8221; style_effect=&#8221;background-scale-dark&#8221; opacity_bg_device=&#8221;0&#8243; responsive_size=&#8221;1&#8243; target=&#8221;_self&#8221;] TOURS DESDE ISLA DE FLORES IR AHORA [\/ts_banner][\/vc_column][vc_column width=&#8221;1\/4&#8243;][ts_banner bg_id=&#8221;7491&#8243; position_content=&#8221;center-center&#8221; link=&#8221;https:\/\/viajesvipguatemala.com\/product-category\/desde-ciudad-guatemala\/&#8221; style_effect=&#8221;background-scale-dark&#8221; opacity_bg_device=&#8221;0&#8243; responsive_size=&#8221;1&#8243; target=&#8221;_self&#8221;] TOURS DESDE GUATEMALA IR AHORA [\/ts_banner][\/vc_column][vc_column width=&#8221;1\/4&#8243;][ts_banner bg_id=&#8221;7490&#8243; position_content=&#8221;center-center&#8221; link=&#8221;https:\/\/viajesvipguatemala.com\/product-category\/desde-antigua-guatemala\/&#8221; style_effect=&#8221;background-scale-dark&#8221; opacity_bg_device=&#8221;0&#8243; responsive_size=&#8221;1&#8243; target=&#8221;_self&#8221;] TOURS DESDE ANTIGUA IR AHORA [&hellip;]<\/p>\n","protected":false},"author":2,"featured_media":0,"parent":0,"menu_order":0,"comment_status":"closed","ping_status":"closed","template":"","meta":{"footnotes":""},"class_list":["post-4873","page","type-page","status-publish","hentry"],"yoast_head":"<!-- This site is optimized with the Yoast SEO Premium plugin v25.0 (Yoast SEO v25.0) - https:\/\/yoast.com\/wordpress\/plugins\/seo\/ -->\n<title>Viajeros GT - Viajeros GT<\/title>\n<meta name=\"robots\" content=\"index, follow, max-snippet:-1, max-image-preview:large, max-video-preview:-1\" \/>\n<link rel=\"canonical\" href=\"https:\/\/viajesvipguatemala.com\/en\/viajeros-gt\/\" \/>\n<meta property=\"og:locale\" content=\"en_US\" \/>\n<meta property=\"og:type\" content=\"article\" \/>\n<meta property=\"og:title\" content=\"Viajeros GT\" \/>\n<meta property=\"og:description\" content=\"[vc_row full_width=&#8221;stretch_row_content_no_spaces&#8221; css=&#8221;.vc_custom_1617092681094{margin-top: 0px !important;border-top-width: 0px !important;padding-top: 0px !important;}&#8221;][vc_column][rev_slider_vc alias=&#8221;main-home&#8221;][\/vc_column][\/vc_row][vc_row full_width=&#8221;stretch_row_content_no_spaces&#8221; el_id=&#8221;tours&#8221;][vc_column width=&#8221;1\/4&#8243;][ts_banner bg_id=&#8221;7483&#8243; position_content=&#8221;center-center&#8221; link=&#8221;https:\/\/viajesvipguatemala.com\/product-category\/desde-flores\/&#8221; style_effect=&#8221;background-scale-dark&#8221; opacity_bg_device=&#8221;0&#8243; responsive_size=&#8221;1&#8243; target=&#8221;_self&#8221;] TOURS DESDE ISLA DE FLORES IR AHORA [\/ts_banner][\/vc_column][vc_column width=&#8221;1\/4&#8243;][ts_banner bg_id=&#8221;7491&#8243; position_content=&#8221;center-center&#8221; link=&#8221;https:\/\/viajesvipguatemala.com\/product-category\/desde-ciudad-guatemala\/&#8221; style_effect=&#8221;background-scale-dark&#8221; opacity_bg_device=&#8221;0&#8243; responsive_size=&#8221;1&#8243; target=&#8221;_self&#8221;] TOURS DESDE GUATEMALA IR AHORA [\/ts_banner][\/vc_column][vc_column width=&#8221;1\/4&#8243;][ts_banner bg_id=&#8221;7490&#8243; position_content=&#8221;center-center&#8221; link=&#8221;https:\/\/viajesvipguatemala.com\/product-category\/desde-antigua-guatemala\/&#8221; style_effect=&#8221;background-scale-dark&#8221; opacity_bg_device=&#8221;0&#8243; responsive_size=&#8221;1&#8243; target=&#8221;_self&#8221;] TOURS DESDE ANTIGUA IR AHORA [&hellip;]\" \/>\n<meta property=\"og:url\" content=\"https:\/\/viajesvipguatemala.com\/en\/viajeros-gt\/\" \/>\n<meta property=\"og:site_name\" content=\"Viajeros GT\" \/>\n<meta property=\"article:publisher\" content=\"https:\/\/www.facebook.com\/ViajerosGT\" \/>\n<meta property=\"article:modified_time\" content=\"2023-04-27T23:33:15+00:00\" \/>\n<meta property=\"og:image\" content=\"https:\/\/i0.wp.com\/viajesvipguatemala.com\/wp-content\/uploads\/2025\/05\/341195080_6899892910024110_858406748426266551_n.jpg?fit=500%2C500&ssl=1\" \/>\n\t<meta property=\"og:image:width\" content=\"500\" \/>\n\t<meta property=\"og:image:height\" content=\"500\" \/>\n\t<meta property=\"og:image:type\" content=\"image\/jpeg\" \/>\n<meta name=\"twitter:card\" content=\"summary_large_image\" \/>\n<meta name=\"twitter:label1\" content=\"Est. reading time\" \/>\n\t<meta name=\"twitter:data1\" content=\"4 minutes\" \/>\n<script type=\"application\/ld+json\" class=\"yoast-schema-graph\">{\"@context\":\"https:\/\/schema.org\",\"@graph\":[{\"@type\":\"WebPage\",\"@id\":\"https:\/\/viajesvipguatemala.com\/viajeros-gt\/\",\"url\":\"https:\/\/viajesvipguatemala.com\/viajeros-gt\/\",\"name\":\"Viajeros GT - Viajeros GT\",\"isPartOf\":{\"@id\":\"https:\/\/viajesvipguatemala.com\/#website\"},\"datePublished\":\"2015-07-20T06:28:18+00:00\",\"dateModified\":\"2023-04-27T23:33:15+00:00\",\"breadcrumb\":{\"@id\":\"https:\/\/viajesvipguatemala.com\/viajeros-gt\/#breadcrumb\"},\"inLanguage\":\"en-US\",\"potentialAction\":[{\"@type\":\"ReadAction\",\"target\":[\"https:\/\/viajesvipguatemala.com\/viajeros-gt\/\"]}]},{\"@type\":\"BreadcrumbList\",\"@id\":\"https:\/\/viajesvipguatemala.com\/viajeros-gt\/#breadcrumb\",\"itemListElement\":[{\"@type\":\"ListItem\",\"position\":1,\"name\":\"Portada\",\"item\":\"https:\/\/viajesvipguatemala.com\/\"},{\"@type\":\"ListItem\",\"position\":2,\"name\":\"Viajeros GT\"}]},{\"@type\":\"WebSite\",\"@id\":\"https:\/\/viajesvipguatemala.com\/#website\",\"url\":\"https:\/\/viajesvipguatemala.com\/\",\"name\":\"Viajeros GT\",\"description\":\"Creamos experiencias \u00fanicas\",\"publisher\":{\"@id\":\"https:\/\/viajesvipguatemala.com\/#organization\"},\"potentialAction\":[{\"@type\":\"SearchAction\",\"target\":{\"@type\":\"EntryPoint\",\"urlTemplate\":\"https:\/\/viajesvipguatemala.com\/?s={search_term_string}\"},\"query-input\":{\"@type\":\"PropertyValueSpecification\",\"valueRequired\":true,\"valueName\":\"search_term_string\"}}],\"inLanguage\":\"en-US\"},{\"@type\":\"Organization\",\"@id\":\"https:\/\/viajesvipguatemala.com\/#organization\",\"name\":\"Viajeros GT\",\"alternateName\":\"Viajeros GT\",\"url\":\"https:\/\/viajesvipguatemala.com\/\",\"logo\":{\"@type\":\"ImageObject\",\"inLanguage\":\"en-US\",\"@id\":\"https:\/\/viajesvipguatemala.com\/#\/schema\/logo\/image\/\",\"url\":\"https:\/\/i0.wp.com\/viajesvipguatemala.com\/wp-content\/uploads\/2025\/05\/341195080_6899892910024110_858406748426266551_n.jpg?fit=500%2C500&ssl=1\",\"contentUrl\":\"https:\/\/i0.wp.com\/viajesvipguatemala.com\/wp-content\/uploads\/2025\/05\/341195080_6899892910024110_858406748426266551_n.jpg?fit=500%2C500&ssl=1\",\"width\":500,\"height\":500,\"caption\":\"Viajeros GT\"},\"image\":{\"@id\":\"https:\/\/viajesvipguatemala.com\/#\/schema\/logo\/image\/\"},\"sameAs\":[\"https:\/\/www.facebook.com\/ViajerosGT\",\"https:\/\/www.instagram.com\/viajerosgt_diversion\/\"],\"description\":\"Viajes VIP Guatemala es una agencia boutique especializada en experiencias de lujo y tours exclusivos por los rincones m\u00e1s espectaculares de Guatemala. Ofrecemos paquetes personalizados, transporte premium y gu\u00edas certificados para vivir el pa\u00eds como nunca antes\",\"email\":\"info@viajesvipguatemala.com\",\"telephone\":\"(502) 4828-1832\",\"legalName\":\"Viajes VIP Guatemala\",\"numberOfEmployees\":{\"@type\":\"QuantitativeValue\",\"minValue\":\"1\",\"maxValue\":\"10\"},\"publishingPrinciples\":\"https:\/\/viajesvipguatemala.com\/\",\"diversityStaffingReport\":\"https:\/\/viajesvipguatemala.com\/contact\/\"}]}<\/script>\n<!-- \/ Yoast SEO Premium plugin. -->","yoast_head_json":{"title":"Viajeros GT - Viajeros GT","robots":{"index":"index","follow":"follow","max-snippet":"max-snippet:-1","max-image-preview":"max-image-preview:large","max-video-preview":"max-video-preview:-1"},"canonical":"https:\/\/viajesvipguatemala.com\/en\/viajeros-gt\/","og_locale":"en_US","og_type":"article","og_title":"Viajeros GT","og_description":"[vc_row full_width=&#8221;stretch_row_content_no_spaces&#8221; css=&#8221;.vc_custom_1617092681094{margin-top: 0px !important;border-top-width: 0px !important;padding-top: 0px !important;}&#8221;][vc_column][rev_slider_vc alias=&#8221;main-home&#8221;][\/vc_column][\/vc_row][vc_row full_width=&#8221;stretch_row_content_no_spaces&#8221; el_id=&#8221;tours&#8221;][vc_column width=&#8221;1\/4&#8243;][ts_banner bg_id=&#8221;7483&#8243; position_content=&#8221;center-center&#8221; link=&#8221;https:\/\/viajesvipguatemala.com\/product-category\/desde-flores\/&#8221; style_effect=&#8221;background-scale-dark&#8221; opacity_bg_device=&#8221;0&#8243; responsive_size=&#8221;1&#8243; target=&#8221;_self&#8221;] TOURS DESDE ISLA DE FLORES IR AHORA [\/ts_banner][\/vc_column][vc_column width=&#8221;1\/4&#8243;][ts_banner bg_id=&#8221;7491&#8243; position_content=&#8221;center-center&#8221; link=&#8221;https:\/\/viajesvipguatemala.com\/product-category\/desde-ciudad-guatemala\/&#8221; style_effect=&#8221;background-scale-dark&#8221; opacity_bg_device=&#8221;0&#8243; responsive_size=&#8221;1&#8243; target=&#8221;_self&#8221;] TOURS DESDE GUATEMALA IR AHORA [\/ts_banner][\/vc_column][vc_column width=&#8221;1\/4&#8243;][ts_banner bg_id=&#8221;7490&#8243; position_content=&#8221;center-center&#8221; link=&#8221;https:\/\/viajesvipguatemala.com\/product-category\/desde-antigua-guatemala\/&#8221; style_effect=&#8221;background-scale-dark&#8221; opacity_bg_device=&#8221;0&#8243; responsive_size=&#8221;1&#8243; target=&#8221;_self&#8221;] TOURS DESDE ANTIGUA IR AHORA [&hellip;]","og_url":"https:\/\/viajesvipguatemala.com\/en\/viajeros-gt\/","og_site_name":"Viajeros GT","article_publisher":"https:\/\/www.facebook.com\/ViajerosGT","article_modified_time":"2023-04-27T23:33:15+00:00","og_image":[{"width":500,"height":500,"url":"https:\/\/i0.wp.com\/viajesvipguatemala.com\/wp-content\/uploads\/2025\/05\/341195080_6899892910024110_858406748426266551_n.jpg?fit=500%2C500&ssl=1","type":"image\/jpeg"}],"twitter_card":"summary_large_image","twitter_misc":{"Est. reading time":"4 minutes"},"schema":{"@context":"https:\/\/schema.org","@graph":[{"@type":"WebPage","@id":"https:\/\/viajesvipguatemala.com\/viajeros-gt\/","url":"https:\/\/viajesvipguatemala.com\/viajeros-gt\/","name":"Viajeros GT - Viajeros GT","isPartOf":{"@id":"https:\/\/viajesvipguatemala.com\/#website"},"datePublished":"2015-07-20T06:28:18+00:00","dateModified":"2023-04-27T23:33:15+00:00","breadcrumb":{"@id":"https:\/\/viajesvipguatemala.com\/viajeros-gt\/#breadcrumb"},"inLanguage":"en-US","potentialAction":[{"@type":"ReadAction","target":["https:\/\/viajesvipguatemala.com\/viajeros-gt\/"]}]},{"@type":"BreadcrumbList","@id":"https:\/\/viajesvipguatemala.com\/viajeros-gt\/#breadcrumb","itemListElement":[{"@type":"ListItem","position":1,"name":"Portada","item":"https:\/\/viajesvipguatemala.com\/"},{"@type":"ListItem","position":2,"name":"Viajeros GT"}]},{"@type":"WebSite","@id":"https:\/\/viajesvipguatemala.com\/#website","url":"https:\/\/viajesvipguatemala.com\/","name":"GT Travelers","description":"We create unique experiences","publisher":{"@id":"https:\/\/viajesvipguatemala.com\/#organization"},"potentialAction":[{"@type":"SearchAction","target":{"@type":"EntryPoint","urlTemplate":"https:\/\/viajesvipguatemala.com\/?s={search_term_string}"},"query-input":{"@type":"PropertyValueSpecification","valueRequired":true,"valueName":"search_term_string"}}],"inLanguage":"en-US"},{"@type":"Organization","@id":"https:\/\/viajesvipguatemala.com\/#organization","name":"GT Travelers","alternateName":"Viajeros GT","url":"https:\/\/viajesvipguatemala.com\/","logo":{"@type":"ImageObject","inLanguage":"en-US","@id":"https:\/\/viajesvipguatemala.com\/#\/schema\/logo\/image\/","url":"https:\/\/i0.wp.com\/viajesvipguatemala.com\/wp-content\/uploads\/2025\/05\/341195080_6899892910024110_858406748426266551_n.jpg?fit=500%2C500&ssl=1","contentUrl":"https:\/\/i0.wp.com\/viajesvipguatemala.com\/wp-content\/uploads\/2025\/05\/341195080_6899892910024110_858406748426266551_n.jpg?fit=500%2C500&ssl=1","width":500,"height":500,"caption":"Viajeros GT"},"image":{"@id":"https:\/\/viajesvipguatemala.com\/#\/schema\/logo\/image\/"},"sameAs":["https:\/\/www.facebook.com\/ViajerosGT","https:\/\/www.instagram.com\/viajerosgt_diversion\/"],"description":"Viajes VIP Guatemala es una agencia boutique especializada en experiencias de lujo y tours exclusivos por los rincones m\u00e1s espectaculares de Guatemala. Ofrecemos paquetes personalizados, transporte premium y gu\u00edas certificados para vivir el pa\u00eds como nunca antes","email":"info@viajesvipguatemala.com","telephone":"(502) 4828-1832","legalName":"Viajes VIP Guatemala","numberOfEmployees":{"@type":"QuantitativeValue","minValue":"1","maxValue":"10"},"publishingPrinciples":"https:\/\/viajesvipguatemala.com\/","diversityStaffingReport":"https:\/\/viajesvipguatemala.com\/contact\/"}]}},"jetpack_sharing_enabled":true,"_links":{"self":[{"href":"https:\/\/viajesvipguatemala.com\/en\/wp-json\/wp\/v2\/pages\/4873","targetHints":{"allow":["GET"]}}],"collection":[{"href":"https:\/\/viajesvipguatemala.com\/en\/wp-json\/wp\/v2\/pages"}],"about":[{"href":"https:\/\/viajesvipguatemala.com\/en\/wp-json\/wp\/v2\/types\/page"}],"author":[{"embeddable":true,"href":"https:\/\/viajesvipguatemala.com\/en\/wp-json\/wp\/v2\/users\/2"}],"replies":[{"embeddable":true,"href":"https:\/\/viajesvipguatemala.com\/en\/wp-json\/wp\/v2\/comments?post=4873"}],"version-history":[{"count":84,"href":"https:\/\/viajesvipguatemala.com\/en\/wp-json\/wp\/v2\/pages\/4873\/revisions"}],"predecessor-version":[{"id":8446,"href":"https:\/\/viajesvipguatemala.com\/en\/wp-json\/wp\/v2\/pages\/4873\/revisions\/8446"}],"wp:attachment":[{"href":"https:\/\/viajesvipguatemala.com\/en\/wp-json\/wp\/v2\/media?parent=4873"}],"curies":[{"name":"wp","href":"https:\/\/api.w.org\/{rel}","templated":true}]}}